{"id":1390,"date":"2020-03-12T11:28:06","date_gmt":"2020-03-12T14:28:06","guid":{"rendered":"http:\/\/gaiaon.hospedagemdesites.ws\/dev\/sitebueno\/transporte-copy\/"},"modified":"2020-03-12T11:29:55","modified_gmt":"2020-03-12T14:29:55","slug":"locacoes-frete","status":"publish","type":"page","link":"https:\/\/buenogestaoambiental.com.br\/website\/locacoes-frete\/","title":{"rendered":"Loca\u00e7\u00f5es e Frete"},"content":{"rendered":"<p>[vc_row][vc_column][vc_row_inner][vc_column_inner width=&#8221;1\/2&#8243;][vc_column_text css=&#8221;.vc_custom_1584023342926{padding-right: 10px !important;padding-left: 10px !important;}&#8221;]A Bueno disp\u00f5e de ca\u00e7ambas e compactadores de lixo para loca\u00e7\u00e3o, entre em contato para maiores informa\u00e7\u00f5es.[\/vc_column_text][\/vc_column_inner][vc_column_inner width=&#8221;1\/2&#8243;][vc_gallery interval=&#8221;3&#8243; images=&#8221;1330,1193,1195&#8243; img_size=&#8221;full&#8221;][\/vc_column_inner][\/vc_row_inner][\/vc_column][\/vc_row]<\/p>\n","protected":false},"excerpt":{"rendered":"<p>[vc_row][vc_column][vc_row_inner][vc_column_inner width=&#8221;1\/2&#8243;][vc_column_text css=&#8221;.vc_custom_1584023342926{padding-right: 10px !important;padding-left: 10px !important;}&#8221;]A Bueno disp\u00f5e de ca\u00e7ambas e compactadores de lixo para loca\u00e7\u00e3o, entre em contato para maiores informa\u00e7\u00f5es.[\/vc_column_text][\/vc_column_inner][vc_column_inner width=&#8221;1\/2&#8243;][vc_gallery interval=&#8221;3&#8243; images=&#8221;1330,1193,1195&#8243; img_size=&#8221;full&#8221;][\/vc_column_inner][\/vc_row_inner][\/vc_column][\/vc_row]<\/p>\n","protected":false},"author":2,"featured_media":0,"parent":0,"menu_order":0,"comment_status":"closed","ping_status":"closed","template":"page-templates\/template-fullwidth.php","meta":{"_seopress_robots_primary_cat":"","_monsterinsights_skip_tracking":false,"_monsterinsights_sitenote_active":false,"_monsterinsights_sitenote_note":"","_monsterinsights_sitenote_category":0,"footnotes":""},"aioseo_notices":[],"_links":{"self":[{"href":"https:\/\/buenogestaoambiental.com.br\/website\/wp-json\/wp\/v2\/pages\/1390"}],"collection":[{"href":"https:\/\/buenogestaoambiental.com.br\/website\/wp-json\/wp\/v2\/pages"}],"about":[{"href":"https:\/\/buenogestaoambiental.com.br\/website\/wp-json\/wp\/v2\/types\/page"}],"author":[{"embeddable":true,"href":"https:\/\/buenogestaoambiental.com.br\/website\/wp-json\/wp\/v2\/users\/2"}],"replies":[{"embeddable":true,"href":"https:\/\/buenogestaoambiental.com.br\/website\/wp-json\/wp\/v2\/comments?post=1390"}],"version-history":[{"count":2,"href":"https:\/\/buenogestaoambiental.com.br\/website\/wp-json\/wp\/v2\/pages\/1390\/revisions"}],"predecessor-version":[{"id":1392,"href":"https:\/\/buenogestaoambiental.com.br\/website\/wp-json\/wp\/v2\/pages\/1390\/revisions\/1392"}],"wp:attachment":[{"href":"https:\/\/buenogestaoambiental.com.br\/website\/wp-json\/wp\/v2\/media?parent=1390"}],"curies":[{"name":"wp","href":"https:\/\/api.w.org\/{rel}","templated":true}]}}