{"id":1383,"date":"2020-03-12T10:32:13","date_gmt":"2020-03-12T13:32:13","guid":{"rendered":"http:\/\/gaiaon.hospedagemdesites.ws\/dev\/sitebueno\/reciclagem-copy\/"},"modified":"2020-05-19T10:47:40","modified_gmt":"2020-05-19T13:47:40","slug":"reciclagem-plastico","status":"publish","type":"page","link":"https:\/\/buenogestaoambiental.com.br\/website\/reciclagem-plastico\/","title":{"rendered":"Reciclagem  Pl\u00e1stico"},"content":{"rendered":"<p>[vc_row][vc_column][vc_separator css=&#8221;.vc_custom_1562011840271{padding-top: 52px !important;padding-bottom: 52px !important;}&#8221;][vc_column_text css=&#8221;.vc_custom_1562098549515{padding-right: 10px !important;padding-left: 10px !important;}&#8221;]<\/p>\n<h2>Pl\u00e1stico <span class=\"tiny-border\">x<\/span><\/h2>\n<p>[\/vc_column_text][vc_separator css=&#8221;.vc_custom_1562011840271{padding-top: 52px !important;padding-bottom: 52px !important;}&#8221;][vc_column_text css=&#8221;.vc_custom_1575644244778{padding-right: 10px !important;padding-left: 10px !important;}&#8221;]O processo \u00e9 semelhante ao processo de sele\u00e7\u00e3o, inspe\u00e7\u00e3o e produ\u00e7\u00e3o do papel e papel\u00e3o.[\/vc_column_text][vc_empty_space][vc_row_inner][vc_column_inner width=&#8221;1\/2&#8243;][vc_single_image image=&#8221;1404&#8243; img_size=&#8221;full&#8221; alignment=&#8221;center&#8221;][vc_empty_space][vc_column_text css=&#8221;.vc_custom_1562098565647{padding-right: 10px !important;padding-left: 10px !important;}&#8221;]<\/p>\n<h3>Da coleta \u00e0 separa\u00e7\u00e3o <span class=\"tiny-border\">x<\/span><\/h3>\n<p>[\/vc_column_text][vc_empty_space][vc_column_text css=&#8221;.vc_custom_1575644268238{padding-right: 10px !important;padding-left: 10px !important;}&#8221;]1\u2013 Os materiais s\u00e3o \u00a0coletados e chegam a Bueno<\/p>\n<p>2 \u2013 S\u00e3o inspecionados e classificados conforme suas caracter\u00edsticas[\/vc_column_text][\/vc_column_inner][vc_column_inner width=&#8221;1\/2&#8243;][vc_single_image image=&#8221;1405&#8243; img_size=&#8221;full&#8221; alignment=&#8221;center&#8221;][vc_empty_space][vc_column_text css=&#8221;.vc_custom_1562098614223{padding-right: 10px !important;padding-left: 10px !important;}&#8221;]<\/p>\n<h3>Prensagem <span class=\"tiny-border\">x<\/span><\/h3>\n<p>[\/vc_column_text][vc_empty_space][vc_column_text css=&#8221;.vc_custom_1575644285531{padding-right: 10px !important;padding-left: 10px !important;}&#8221;]3\u2013 Ap\u00f3s a separa\u00e7\u00e3o, o material \u00e9 prensado, e segue para o estoque, de onde ser\u00e1 despachado para os clientes, de acordo com a necessidade.[\/vc_column_text][\/vc_column_inner][\/vc_row_inner][vc_empty_space][vc_separator css=&#8221;.vc_custom_1562011840271{padding-top: 52px !important;padding-bottom: 52px !important;}&#8221;][\/vc_column][\/vc_row]<\/p>\n","protected":false},"excerpt":{"rendered":"<p>[vc_row][vc_column][vc_separator css=&#8221;.vc_custom_1562011840271{padding-top: 52px !important;padding-bottom: 52px !important;}&#8221;][vc_column_text css=&#8221;.vc_custom_1562098549515{padding-right: 10px !important;padding-left: 10px !important;}&#8221;] Pl\u00e1stico x [\/vc_column_text][vc_separator css=&#8221;.vc_custom_1562011840271{padding-top: 52px !important;padding-bottom: 52px !important;}&#8221;][vc_column_text css=&#8221;.vc_custom_1575644244778{padding-right: 10px !important;padding-left: 10px !important;}&#8221;]O processo \u00e9 semelhante ao processo de sele\u00e7\u00e3o, inspe\u00e7\u00e3o e produ\u00e7\u00e3o do papel e papel\u00e3o.[\/vc_column_text][vc_empty_space][vc_row_inner][vc_column_inner width=&#8221;1\/2&#8243;][vc_single_image image=&#8221;1404&#8243; img_size=&#8221;full&#8221; alignment=&#8221;center&#8221;][vc_empty_space][vc_column_text css=&#8221;.vc_custom_1562098565647{padding-right: 10px !important;padding-left: 10px !important;}&#8221;] Da coleta \u00e0 separa\u00e7\u00e3o x [\/vc_column_text][vc_empty_space][vc_column_text css=&#8221;.vc_custom_1575644268238{padding-right: 10px [&hellip;]<\/p>\n","protected":false},"author":2,"featured_media":0,"parent":0,"menu_order":0,"comment_status":"closed","ping_status":"closed","template":"page-templates\/template-fullwidth.php","meta":{"_seopress_robots_primary_cat":"","_monsterinsights_skip_tracking":false,"_monsterinsights_sitenote_active":false,"_monsterinsights_sitenote_note":"","_monsterinsights_sitenote_category":0,"footnotes":""},"aioseo_notices":[],"_links":{"self":[{"href":"https:\/\/buenogestaoambiental.com.br\/website\/wp-json\/wp\/v2\/pages\/1383"}],"collection":[{"href":"https:\/\/buenogestaoambiental.com.br\/website\/wp-json\/wp\/v2\/pages"}],"about":[{"href":"https:\/\/buenogestaoambiental.com.br\/website\/wp-json\/wp\/v2\/types\/page"}],"author":[{"embeddable":true,"href":"https:\/\/buenogestaoambiental.com.br\/website\/wp-json\/wp\/v2\/users\/2"}],"replies":[{"embeddable":true,"href":"https:\/\/buenogestaoambiental.com.br\/website\/wp-json\/wp\/v2\/comments?post=1383"}],"version-history":[{"count":4,"href":"https:\/\/buenogestaoambiental.com.br\/website\/wp-json\/wp\/v2\/pages\/1383\/revisions"}],"predecessor-version":[{"id":1406,"href":"https:\/\/buenogestaoambiental.com.br\/website\/wp-json\/wp\/v2\/pages\/1383\/revisions\/1406"}],"wp:attachment":[{"href":"https:\/\/buenogestaoambiental.com.br\/website\/wp-json\/wp\/v2\/media?parent=1383"}],"curies":[{"name":"wp","href":"https:\/\/api.w.org\/{rel}","templated":true}]}}