{"id":1342,"date":"2020-03-09T13:57:39","date_gmt":"2020-03-09T16:57:39","guid":{"rendered":"http:\/\/gaiaon.hospedagemdesites.ws\/dev\/sitebueno\/reciclagem-copy\/"},"modified":"2020-05-19T10:14:32","modified_gmt":"2020-05-19T13:14:32","slug":"reciclagem-papel","status":"publish","type":"page","link":"https:\/\/buenogestaoambiental.com.br\/website\/reciclagem-papel\/","title":{"rendered":"Reciclagem Papel e Papel\u00e3o"},"content":{"rendered":"<p>[vc_row][vc_column][vc_row_inner content_placement=&#8221;middle&#8221;][vc_column_inner width=&#8221;1\/4&#8243;][\/vc_column_inner][vc_column_inner width=&#8221;1\/4&#8243; css=&#8221;.vc_custom_1583844272597{margin-top: 20px !important;margin-bottom: 20px !important;}&#8221;][vc_raw_html]JTNDYSUyMGNsYXNzJTNEJTIyYnRuJTIwYnRuLXByaW1hcnklMjBidG4tbGclMjBidG4tYmxvY2slMjIlMjBocmVmJTNEJTIyJTIzcHJvY2Vzc28lMjIlM0VQcm9jZXNzbyUzQyUyRmElM0U=[\/vc_raw_html][\/vc_column_inner][vc_column_inner width=&#8221;1\/4&#8243; css=&#8221;.vc_custom_1583844281942{margin-top: 20px !important;margin-bottom: 20px !important;}&#8221;][vc_raw_html]JTNDYSUyMGNsYXNzJTNEJTIyYnRuJTIwYnRuLXByaW1hcnklMjBidG4tbGclMjBidG4tYmxvY2slMjIlMjBocmVmJTNEJTIyJTIzY29tcHJhJTIyJTNFQ29tcHJhJTNDJTJGYSUzRQ==[\/vc_raw_html][\/vc_column_inner][vc_column_inner width=&#8221;1\/4&#8243;][\/vc_column_inner][\/vc_row_inner][vc_separator css=&#8221;.vc_custom_1562011825364{padding-top: 52px !important;padding-bottom: 52px !important;}&#8221;][vc_column_text css=&#8221;.vc_custom_1583773486458{padding-right: 10px !important;padding-left: 10px !important;}&#8221; el_id=&#8221;processo&#8221;]<\/p>\n<h2>Processo <span class=\"tiny-border\">x<\/span><\/h2>\n<p>[\/vc_column_text][vc_separator css=&#8221;.vc_custom_1562011825364{padding-top: 52px !important;padding-bottom: 52px !important;}&#8221;][vc_column_text css=&#8221;.vc_custom_1575642611776{padding-right: 10px !important;padding-left: 10px !important;}&#8221;]1 \u2013 O papel e ou papel\u00e3o recicl\u00e1vel coletado, chega \u00e0 BUENO.<\/p>\n<p>2 \u2013 Todas as cargas s\u00e3o inspecionadas, mede-se o percentual de umidade, destina-se a qual tipo de sele\u00e7\u00e3o ser\u00e1 utilizado, manual ou autom\u00e1tica.[\/vc_column_text][vc_empty_space][vc_row_inner][vc_column_inner width=&#8221;1\/2&#8243;][vc_single_image image=&#8221;1178&#8243; img_size=&#8221;full&#8221; alignment=&#8221;center&#8221;][vc_empty_space][vc_column_text css=&#8221;.vc_custom_1575642688025{padding-right: 10px !important;padding-left: 10px !important;}&#8221;]<\/p>\n<h3>Etapa: Separa\u00e7\u00e3o manual <span class=\"tiny-border\">x<\/span><\/h3>\n<p>[\/vc_column_text][vc_empty_space][vc_column_text css=&#8221;.vc_custom_1575642634640{padding-right: 10px !important;padding-left: 10px !important;}&#8221;]3 \u2013 \u00c9\u00a0separado manualmente, classificado por tipo e colocado na esteira que leva a prensa.[\/vc_column_text][vc_empty_space][\/vc_column_inner][vc_column_inner width=&#8221;1\/2&#8243;][vc_single_image image=&#8221;1315&#8243; img_size=&#8221;415&#215;220&#8243; alignment=&#8221;center&#8221;][vc_empty_space][vc_column_text css=&#8221;.vc_custom_1575642979175{padding-right: 10px !important;padding-left: 10px !important;}&#8221;]<\/p>\n<h3>Etapa: separa\u00e7\u00e3o autom\u00e1tica <span class=\"tiny-border\">x<\/span><\/h3>\n<p>[\/vc_column_text][vc_empty_space][vc_column_text css=&#8221;.vc_custom_1575642745455{padding-right: 10px !important;padding-left: 10px !important;}&#8221;]4 \u2013 A partir deste ponto todo o processo \u00e9 automatizado.[\/vc_column_text][vc_empty_space][\/vc_column_inner][\/vc_row_inner][vc_separator css=&#8221;.vc_custom_1562011825364{padding-top: 52px !important;padding-bottom: 52px !important;}&#8221;][vc_row_inner][vc_column_inner width=&#8221;1\/2&#8243;][vc_single_image image=&#8221;1316&#8243; img_size=&#8221;415&#215;220&#8243; alignment=&#8221;center&#8221;][vc_empty_space][\/vc_column_inner][vc_column_inner width=&#8221;1\/2&#8243;][vc_column_text css=&#8221;.vc_custom_1575643050455{padding-right: 10px !important;padding-left: 10px !important;}&#8221;]<\/p>\n<h3>Presado com ou sem tritura\u00e7\u00e3o <span class=\"tiny-border\">x<\/span><\/h3>\n<p>[\/vc_column_text][vc_empty_space][vc_column_text css=&#8221;.vc_custom_1575643071832{padding-right: 10px !important;padding-left: 10px !important;}&#8221;]5 \u2013 De acordo com a necessidade do cliente, o material pode seguir por dois processos diferentes: ser enviado diretamente para a prensa e enfardamento ou enviado para o triturador, de onde ambos saem prensados.<\/p>\n<p>6 \u2013 Depois de enfardado, o papel ou papel\u00e3o seguem para o estoque, de onde ser\u00e3o despachados os clientes dependendo da necessidade.[\/vc_column_text][\/vc_column_inner][\/vc_row_inner][vc_separator css=&#8221;.vc_custom_1562011825364{padding-top: 52px !important;padding-bottom: 52px !important;}&#8221;][vc_row_inner][vc_column_inner width=&#8221;1\/2&#8243;][vc_single_image image=&#8221;1176&#8243; img_size=&#8221;full&#8221; alignment=&#8221;center&#8221;][vc_empty_space][\/vc_column_inner][vc_column_inner width=&#8221;1\/2&#8243;][vc_column_text css=&#8221;.vc_custom_1562098196715{padding-right: 10px !important;padding-left: 10px !important;}&#8221;]<\/p>\n<h3>Porque passar pelo triturador? <span class=\"tiny-border\">x<\/span><\/h3>\n<p>[\/vc_column_text][vc_empty_space][vc_column_text css=&#8221;.vc_custom_1575644039058{padding-right: 10px !important;padding-left: 10px !important;}&#8221;]Quais os pap\u00e9is que devem passar pelo triturador? Livros, listas telef\u00f4nicas, revistas, jornais, impressos de bancos, embalagens em geral e documentos sigilosos. A tritura\u00e7\u00e3o descaracteriza completamente os documentos, impedindo a recupera\u00e7\u00e3o de qualquer informa\u00e7\u00e3o.[\/vc_column_text][vc_empty_space][vc_column_text css=&#8221;.vc_custom_1575644643026{padding-right: 10px !important;padding-left: 10px !important;}&#8221;]<\/p>\n<h3>Descaracteriza\u00e7\u00e3o de Documentos Sigilosos <span class=\"tiny-border\">x<\/span><\/h3>\n<p>[\/vc_column_text][vc_empty_space][vc_column_text css=&#8221;.vc_custom_1575644190466{padding-right: 10px !important;padding-left: 10px !important;}&#8221;]A Bueno mantem o servi\u00e7o de descaracteriza\u00e7\u00e3o documentos sigilosos que \u00e9 devidamente certificado e todo o processo pode ser acompanhado pelo cliente, via presencial ou <em>on line<\/em>.<\/p>\n<p>Na imagem ao lado,\u00a0da direita para a esquerda, v\u00ea-se o papel entrando no triturador pela esteira e saindo da prensa j\u00e1 amarrado em fardos.[\/vc_column_text][vc_empty_space][\/vc_column_inner][\/vc_row_inner][vc_separator css=&#8221;.vc_custom_1562011840271{padding-top: 52px !important;padding-bottom: 52px !important;}&#8221;][vc_column_text css=&#8221;.vc_custom_1583773849108{padding-right: 10px !important;padding-left: 10px !important;}&#8221; el_id=&#8221;compra&#8221;]<\/p>\n<h2>Compra <span class=\"tiny-border\">x<\/span><\/h2>\n<p>[\/vc_column_text][vc_separator css=&#8221;.vc_custom_1562011840271{padding-top: 52px !important;padding-bottom: 52px !important;}&#8221;][vc_row_inner][vc_column_inner width=&#8221;1\/2&#8243;][vc_column_text css=&#8221;.vc_custom_1589893890490{padding-right: 10px !important;padding-left: 10px !important;}&#8221;]A Bueno compra e comercializa os seguintes tipos de papel:<\/p>\n<ul>\n<li>Aparas branca 1, 2, 3, e 4<\/li>\n<li>Aparas mista<\/li>\n<li>Papel\u00e3o Ondulado<\/li>\n<li>Jornal<\/li>\n<li>Refile<\/li>\n<li>Revista<\/li>\n<li>Kraft<\/li>\n<li>Tetrapak<\/li>\n<li>Sacaria<\/li>\n<\/ul>\n<p>[\/vc_column_text][\/vc_column_inner][vc_column_inner width=&#8221;1\/2&#8243;][vc_gallery interval=&#8221;3&#8243; images=&#8221;1400,1361,1360,1359,1358,1357&#8243; img_size=&#8221;full&#8221;][\/vc_column_inner][\/vc_row_inner][vc_separator css=&#8221;.vc_custom_1562011840271{padding-top: 52px !important;padding-bottom: 52px !important;}&#8221;][vc_empty_space][\/vc_column][\/vc_row]<\/p>\n","protected":false},"excerpt":{"rendered":"<p>[vc_row][vc_column][vc_row_inner content_placement=&#8221;middle&#8221;][vc_column_inner width=&#8221;1\/4&#8243;][\/vc_column_inner][vc_column_inner width=&#8221;1\/4&#8243; css=&#8221;.vc_custom_1583844272597{margin-top: 20px !important;margin-bottom: 20px !important;}&#8221;][vc_raw_html]JTNDYSUyMGNsYXNzJTNEJTIyYnRuJTIwYnRuLXByaW1hcnklMjBidG4tbGclMjBidG4tYmxvY2slMjIlMjBocmVmJTNEJTIyJTIzcHJvY2Vzc28lMjIlM0VQcm9jZXNzbyUzQyUyRmElM0U=[\/vc_raw_html][\/vc_column_inner][vc_column_inner width=&#8221;1\/4&#8243; css=&#8221;.vc_custom_1583844281942{margin-top: 20px !important;margin-bottom: 20px !important;}&#8221;][vc_raw_html]JTNDYSUyMGNsYXNzJTNEJTIyYnRuJTIwYnRuLXByaW1hcnklMjBidG4tbGclMjBidG4tYmxvY2slMjIlMjBocmVmJTNEJTIyJTIzY29tcHJhJTIyJTNFQ29tcHJhJTNDJTJGYSUzRQ==[\/vc_raw_html][\/vc_column_inner][vc_column_inner width=&#8221;1\/4&#8243;][\/vc_column_inner][\/vc_row_inner][vc_separator css=&#8221;.vc_custom_1562011825364{padding-top: 52px !important;padding-bottom: 52px !important;}&#8221;][vc_column_text css=&#8221;.vc_custom_1583773486458{padding-right: 10px !important;padding-left: 10px !important;}&#8221; el_id=&#8221;processo&#8221;] Processo x [\/vc_column_text][vc_separator css=&#8221;.vc_custom_1562011825364{padding-top: 52px !important;padding-bottom: 52px !important;}&#8221;][vc_column_text css=&#8221;.vc_custom_1575642611776{padding-right: 10px !important;padding-left: 10px !important;}&#8221;]1 \u2013 O papel e ou papel\u00e3o recicl\u00e1vel coletado, chega \u00e0 BUENO. 2 \u2013 Todas as [&hellip;]<\/p>\n","protected":false},"author":2,"featured_media":0,"parent":0,"menu_order":0,"comment_status":"closed","ping_status":"closed","template":"page-templates\/template-fullwidth.php","meta":{"_seopress_robots_primary_cat":"","_monsterinsights_skip_tracking":false,"_monsterinsights_sitenote_active":false,"_monsterinsights_sitenote_note":"","_monsterinsights_sitenote_category":0,"footnotes":""},"aioseo_notices":[],"_links":{"self":[{"href":"https:\/\/buenogestaoambiental.com.br\/website\/wp-json\/wp\/v2\/pages\/1342"}],"collection":[{"href":"https:\/\/buenogestaoambiental.com.br\/website\/wp-json\/wp\/v2\/pages"}],"about":[{"href":"https:\/\/buenogestaoambiental.com.br\/website\/wp-json\/wp\/v2\/types\/page"}],"author":[{"embeddable":true,"href":"https:\/\/buenogestaoambiental.com.br\/website\/wp-json\/wp\/v2\/users\/2"}],"replies":[{"embeddable":true,"href":"https:\/\/buenogestaoambiental.com.br\/website\/wp-json\/wp\/v2\/comments?post=1342"}],"version-history":[{"count":14,"href":"https:\/\/buenogestaoambiental.com.br\/website\/wp-json\/wp\/v2\/pages\/1342\/revisions"}],"predecessor-version":[{"id":1401,"href":"https:\/\/buenogestaoambiental.com.br\/website\/wp-json\/wp\/v2\/pages\/1342\/revisions\/1401"}],"wp:attachment":[{"href":"https:\/\/buenogestaoambiental.com.br\/website\/wp-json\/wp\/v2\/media?parent=1342"}],"curies":[{"name":"wp","href":"https:\/\/api.w.org\/{rel}","templated":true}]}}