{"id":1190,"date":"2019-07-03T09:32:55","date_gmt":"2019-07-03T12:32:55","guid":{"rendered":"http:\/\/gaiaon.hospedagemdesites.ws\/dev\/sitebueno\/\/?page_id=1190"},"modified":"2020-05-19T10:23:25","modified_gmt":"2020-05-19T13:23:25","slug":"transporte","status":"publish","type":"page","link":"https:\/\/buenogestaoambiental.com.br\/website\/transporte\/","title":{"rendered":"Transporte"},"content":{"rendered":"<p>[vc_row][vc_column][vc_row_inner][vc_column_inner width=&#8221;1\/2&#8243;][vc_column_text css=&#8221;.vc_custom_1589894597810{padding-right: 10px !important;padding-left: 10px !important;}&#8221;]A Bueno possui uma frota de ve\u00edculos equipados e equipamentos para atender todas demandas exigidas para uma correta Gest\u00e3o Ambiental. Consulte-nos, temos a solu\u00e7\u00e3o certa para atender suas necessidades.<\/p>\n<p>Dispomos de:<\/p>\n<p><strong>&#8211; Empilhadeiras,<\/strong><\/p>\n<p><strong>&#8211; Compactadores para Papel, Papel\u00e3o e Pl\u00e1stico,<\/strong><\/p>\n<p><strong>&#8211; Prensas Verticais e Horizontais para Papel, Papel\u00e3o e Pl\u00e1sticos,<\/strong><\/p>\n<p><strong>&#8211; Containers Tipo Rollon com Capacidade de at\u00e9 30 m\u00b3.<\/strong>[\/vc_column_text][\/vc_column_inner][vc_column_inner width=&#8221;1\/2&#8243;][vc_gallery interval=&#8221;3&#8243; images=&#8221;1327,1328,1331,1332,1329,1330&#8243; img_size=&#8221;full&#8221;][\/vc_column_inner][\/vc_row_inner][\/vc_column][\/vc_row]<\/p>\n","protected":false},"excerpt":{"rendered":"<p>[vc_row][vc_column][vc_row_inner][vc_column_inner width=&#8221;1\/2&#8243;][vc_column_text css=&#8221;.vc_custom_1589894597810{padding-right: 10px !important;padding-left: 10px !important;}&#8221;]A Bueno possui uma frota de ve\u00edculos equipados e equipamentos para atender todas demandas exigidas para uma correta Gest\u00e3o Ambiental. Consulte-nos, temos a solu\u00e7\u00e3o certa para atender suas necessidades. Dispomos de: &#8211; Empilhadeiras, &#8211; Compactadores para Papel, Papel\u00e3o e Pl\u00e1stico, &#8211; Prensas Verticais e Horizontais para Papel, Papel\u00e3o e [&hellip;]<\/p>\n","protected":false},"author":2,"featured_media":0,"parent":0,"menu_order":0,"comment_status":"closed","ping_status":"closed","template":"page-templates\/template-fullwidth.php","meta":{"_seopress_robots_primary_cat":"","_monsterinsights_skip_tracking":false,"_monsterinsights_sitenote_active":false,"_monsterinsights_sitenote_note":"","_monsterinsights_sitenote_category":0,"footnotes":""},"aioseo_notices":[],"_links":{"self":[{"href":"https:\/\/buenogestaoambiental.com.br\/website\/wp-json\/wp\/v2\/pages\/1190"}],"collection":[{"href":"https:\/\/buenogestaoambiental.com.br\/website\/wp-json\/wp\/v2\/pages"}],"about":[{"href":"https:\/\/buenogestaoambiental.com.br\/website\/wp-json\/wp\/v2\/types\/page"}],"author":[{"embeddable":true,"href":"https:\/\/buenogestaoambiental.com.br\/website\/wp-json\/wp\/v2\/users\/2"}],"replies":[{"embeddable":true,"href":"https:\/\/buenogestaoambiental.com.br\/website\/wp-json\/wp\/v2\/comments?post=1190"}],"version-history":[{"count":13,"href":"https:\/\/buenogestaoambiental.com.br\/website\/wp-json\/wp\/v2\/pages\/1190\/revisions"}],"predecessor-version":[{"id":1402,"href":"https:\/\/buenogestaoambiental.com.br\/website\/wp-json\/wp\/v2\/pages\/1190\/revisions\/1402"}],"wp:attachment":[{"href":"https:\/\/buenogestaoambiental.com.br\/website\/wp-json\/wp\/v2\/media?parent=1190"}],"curies":[{"name":"wp","href":"https:\/\/api.w.org\/{rel}","templated":true}]}}