{"id":1182,"date":"2019-07-02T17:38:57","date_gmt":"2019-07-02T20:38:57","guid":{"rendered":"http:\/\/gaiaon.hospedagemdesites.ws\/dev\/sitebueno\/\/?page_id=1182"},"modified":"2020-03-12T11:01:10","modified_gmt":"2020-03-12T14:01:10","slug":"gerenciamento-residuos","status":"publish","type":"page","link":"https:\/\/buenogestaoambiental.com.br\/website\/gerenciamento-residuos\/","title":{"rendered":"Gerenciamento de Res\u00edduos"},"content":{"rendered":"<p>[vc_row][vc_column][vc_column_text css=&#8221;.vc_custom_1584020930769{padding-right: 10px !important;padding-left: 10px !important;}&#8221;]<\/p>\n<h2>A Bueno desenvolve e implementa projetos e programas de Gest\u00e3o Ambiental personalizados, garantindo correta destina\u00e7\u00e3o dos res\u00edduos, minimizando custos, aumentando a rentabilidade e preservando o meio ambiente. <span class=\"tiny-border\"> x<\/span><\/h2>\n<p>[\/vc_column_text][vc_empty_space][vc_row_inner][vc_column_inner width=&#8221;1\/2&#8243;][vc_column_text css=&#8221;.vc_custom_1584021170001{padding-right: 10px !important;padding-left: 10px !important;}&#8221;]Enxergamos a import\u00e2ncia de fazer gest\u00e3o ambiental em empresas, com enfoque nas normas ambientais, com formas de contribui\u00e7\u00e3o para a evolu\u00e7\u00e3o e desenvolvimento de processos e produtos sustent\u00e1veis. A ampla explora\u00e7\u00e3o e escassez dos recursos naturais fez com que a Bueno Gest\u00e3o Ambiental ao longo de 45 anos se preocupasse com quest\u00f5es ambientais. Antes mesmo da sociedade passar a cobrar maior responsabilidade social por parte das empresas, a Bueno Gest\u00e3o Ambiental ao longo dos 45 anos de exist\u00eancia sempre teve como princ\u00edpio o pensamento sustent\u00e1vel. Passamos a investir em processos e profissionais especializados para demonstrar ano-a-ano resultados satisfat\u00f3rios em rela\u00e7\u00e3o \u00e0 quest\u00f5es ambientais.<\/p>\n<p>Nosso Sistema de Gest\u00e3o Ambiental v\u00eam se tornando um grande aliado das empresas que buscam manter seus processos, aspectos e impacto ambiental sob controle, para assim serem caracterizadas como ecologicamente corretas.<\/p>\n<p>Aos nossos clientes fornecemos os certificados de destina\u00e7\u00e3o final dos res\u00edduos, informando quando e como foram coletados, processados e qual a destina\u00e7\u00e3o. Os receptores dos materiais processados s\u00e3o homologados e certificados para receberem estes res\u00edduos, reprocessa-los e ou elimina-los dentro da Pol\u00edtica Nacional de Res\u00edduos S\u00f3lidos, que consiste num \u201cconjunto de a\u00e7\u00f5es exercidas, direta ou indiretamente, nas etapas de coleta, transporte, transbordo, tratamento e destina\u00e7\u00e3o final ambientalmente adequada dos res\u00edduos s\u00f3lidos e disposi\u00e7\u00e3o final ambientalmente adequada dos rejeitos\u201d[\/vc_column_text][\/vc_column_inner][vc_column_inner width=&#8221;1\/2&#8243;][vc_single_image image=&#8221;1324&#8243; img_size=&#8221;475&#215;220&#8243; alignment=&#8221;center&#8221;][vc_empty_space][vc_single_image image=&#8221;1323&#8243; img_size=&#8221;475&#215;220&#8243; alignment=&#8221;center&#8221;][\/vc_column_inner][\/vc_row_inner][vc_separator css=&#8221;.vc_custom_1562011825364{padding-top: 52px !important;padding-bottom: 52px !important;}&#8221;][\/vc_column][\/vc_row]<\/p>\n","protected":false},"excerpt":{"rendered":"<p>[vc_row][vc_column][vc_column_text css=&#8221;.vc_custom_1584020930769{padding-right: 10px !important;padding-left: 10px !important;}&#8221;] A Bueno desenvolve e implementa projetos e programas de Gest\u00e3o Ambiental personalizados, garantindo correta destina\u00e7\u00e3o dos res\u00edduos, minimizando custos, aumentando a rentabilidade e preservando o meio ambiente. x [\/vc_column_text][vc_empty_space][vc_row_inner][vc_column_inner width=&#8221;1\/2&#8243;][vc_column_text css=&#8221;.vc_custom_1584021170001{padding-right: 10px !important;padding-left: 10px !important;}&#8221;]Enxergamos a import\u00e2ncia de fazer gest\u00e3o ambiental em empresas, com enfoque nas normas ambientais, com [&hellip;]<\/p>\n","protected":false},"author":2,"featured_media":0,"parent":0,"menu_order":0,"comment_status":"closed","ping_status":"closed","template":"page-templates\/template-fullwidth.php","meta":{"_seopress_robots_primary_cat":"","_monsterinsights_skip_tracking":false,"_monsterinsights_sitenote_active":false,"_monsterinsights_sitenote_note":"","_monsterinsights_sitenote_category":0,"footnotes":""},"aioseo_notices":[],"_links":{"self":[{"href":"https:\/\/buenogestaoambiental.com.br\/website\/wp-json\/wp\/v2\/pages\/1182"}],"collection":[{"href":"https:\/\/buenogestaoambiental.com.br\/website\/wp-json\/wp\/v2\/pages"}],"about":[{"href":"https:\/\/buenogestaoambiental.com.br\/website\/wp-json\/wp\/v2\/types\/page"}],"author":[{"embeddable":true,"href":"https:\/\/buenogestaoambiental.com.br\/website\/wp-json\/wp\/v2\/users\/2"}],"replies":[{"embeddable":true,"href":"https:\/\/buenogestaoambiental.com.br\/website\/wp-json\/wp\/v2\/comments?post=1182"}],"version-history":[{"count":9,"href":"https:\/\/buenogestaoambiental.com.br\/website\/wp-json\/wp\/v2\/pages\/1182\/revisions"}],"predecessor-version":[{"id":1387,"href":"https:\/\/buenogestaoambiental.com.br\/website\/wp-json\/wp\/v2\/pages\/1182\/revisions\/1387"}],"wp:attachment":[{"href":"https:\/\/buenogestaoambiental.com.br\/website\/wp-json\/wp\/v2\/media?parent=1182"}],"curies":[{"name":"wp","href":"https:\/\/api.w.org\/{rel}","templated":true}]}}